{"id":943,"date":"2023-03-06T17:56:22","date_gmt":"2023-03-06T16:56:22","guid":{"rendered":"https:\/\/sauny-sudy.cz\/?post_type=product&#038;p=943"},"modified":"2023-03-06T19:28:38","modified_gmt":"2023-03-06T18:28:38","slug":"sudova-sauna-400cm-220cm","status":"publish","type":"product","link":"https:\/\/sauny-sudy.cz\/?product=sudova-sauna-400cm-220cm","title":{"rendered":"Sudov\u00e1 sauna 400cm\/220cm"},"content":{"rendered":"<p style=\"text-align: center;\">Kapacita\u00a0 4 \u2013 6 osoby.<br \/>\nTlou\u0161\u0165ka materi\u00e1lu: 44 mm<br \/>\n(serversk\u00e1 borovice\/thermowood)<\/p>\n","protected":false},"excerpt":{"rendered":"<p>Kapacita\u00a0 4 \u2013 6 osoby. Tlou\u0161\u0165ka materi\u00e1lu: 44 mm (serversk\u00e1 borovice\/thermowood)<\/p>\n","protected":false},"featured_media":166,"comment_status":"open","ping_status":"closed","template":"","meta":[],"product_cat":[22],"product_tag":[],"_links":{"self":[{"href":"https:\/\/sauny-sudy.cz\/index.php?rest_route=\/wp\/v2\/product\/943"}],"collection":[{"href":"https:\/\/sauny-sudy.cz\/index.php?rest_route=\/wp\/v2\/product"}],"about":[{"href":"https:\/\/sauny-sudy.cz\/index.php?rest_route=\/wp\/v2\/types\/product"}],"replies":[{"embeddable":true,"href":"https:\/\/sauny-sudy.cz\/index.php?rest_route=%2Fwp%2Fv2%2Fcomments&post=943"}],"wp:featuredmedia":[{"embeddable":true,"href":"https:\/\/sauny-sudy.cz\/index.php?rest_route=\/wp\/v2\/media\/166"}],"wp:attachment":[{"href":"https:\/\/sauny-sudy.cz\/index.php?rest_route=%2Fwp%2Fv2%2Fmedia&parent=943"}],"wp:term":[{"taxonomy":"product_cat","embeddable":true,"href":"https:\/\/sauny-sudy.cz\/index.php?rest_route=%2Fwp%2Fv2%2Fproduct_cat&post=943"},{"taxonomy":"product_tag","embeddable":true,"href":"https:\/\/sauny-sudy.cz\/index.php?rest_route=%2Fwp%2Fv2%2Fproduct_tag&post=943"}],"curies":[{"name":"wp","href":"https:\/\/api.w.org\/{rel}","templated":true}]}}