{"id":940,"date":"2023-03-06T17:34:39","date_gmt":"2023-03-06T16:34:39","guid":{"rendered":"https:\/\/sauny-sudy.cz\/?post_type=product&#038;p=940"},"modified":"2023-03-06T19:24:02","modified_gmt":"2023-03-06T18:24:02","slug":"sudova-sauna-250cm-170cm","status":"publish","type":"product","link":"https:\/\/sauny-sudy.cz\/?product=sudova-sauna-250cm-170cm","title":{"rendered":"Sudov\u00e1 Sauna 200cm\/170cm"},"content":{"rendered":"<p style=\"text-align: center;\">Dop\u0159ejte si saunu a jej\u00ed blahod\u00e1rn\u00e9 \u00fa\u010dinky, kter\u00e9 m\u016f\u017eete vyu\u017e\u00edvat po cel\u00fd rok, bez ohledu na aktu\u00e1ln\u00ed, ro\u010dn\u00ed obdob\u00ed.<\/p>\n<p style=\"text-align: center;\">Mnoho studi\u00ed prok\u00e1zalo jejich pozitivn\u00ed efekt na celek zdrav\u00ed a kvalitu sp\u00e1nku. Krom\u011b samotn\u00e9ho relaxa\u010dn\u00edho efektu a odpo\u010dinku, posiluj\u00ed imunitn\u00ed syst\u00e9m a d\u00e1le p\u016fsob\u00ed jako prevence proti alergi\u00edm, zoceluje odolnost t\u011bla du\u0161evn\u011b i fyzicky v\u016f\u010di extern\u00edm, nep\u0159\u00edzniv\u00fdm vliv\u016fm. Podporuje nervovou soustavu t\u011bla, pom\u00e1h\u00e1 ke zm\u00edrn\u011bn\u00ed bolesti kloub\u016f a pom\u00e1h\u00e1 l\u00e9\u010dit tak\u00e9 n\u011bkter\u00e1 ko\u017en\u00ed onemocn\u011bn\u00ed spolu s celulitidou.<\/p>\n<p style=\"text-align: center;\">D\u0159ev\u011bn\u00e9 sudov\u00e9 sauny jsou t\u00e9\u017e impozantn\u00edm dopl\u0148kem pro V\u00e1\u0161 d\u016fm, chalupu, Va\u0161i zahradu. Sauny vyr\u00e1b\u00edme pouze z kvalitn\u00edch a odoln\u00fdch materi\u00e1l\u016f s vysokou odolnost\u00ed, \u017eivotnost\u00ed a izola\u010dn\u00edmi vlastnostmi. Nab\u00edz\u00edme v\u00edce variant rozm\u011bru s mo\u017enosti vlastn\u00edho nastaven\u00ed. V popt\u00e1vce m\u016f\u017eete d\u00e1le nastavit V\u00e1mi preferovan\u00e9 d\u0159evo,\u00a0 kamen nebo panaromatick\u00e9ho okna.<\/p>\n<p style=\"text-align: center;\">Kapacita\u00a0 2 \u2013 4 osoby.<br \/>\nTlou\u0161\u0165ka materi\u00e1lu: 44 mm<br \/>\n(serversk\u00e1 borovice\/thermowood)<\/p>\n","protected":false},"excerpt":{"rendered":"<p>Dop\u0159ejte si saunu a jej\u00ed blahod\u00e1rn\u00e9 \u00fa\u010dinky, kter\u00e9 m\u016f\u017eete vyu\u017e\u00edvat po cel\u00fd rok, bez ohledu na aktu\u00e1ln\u00ed, ro\u010dn\u00ed obdob\u00ed. Mnoho studi\u00ed prok\u00e1zalo jejich pozitivn\u00ed efekt na celek zdrav\u00ed a kvalitu sp\u00e1nku. Krom\u011b samotn\u00e9ho relaxa\u010dn\u00edho efektu a odpo\u010dinku, posiluj\u00ed imunitn\u00ed syst\u00e9m a d\u00e1le p\u016fsob\u00ed jako prevence proti alergi\u00edm, zoceluje odolnost t\u011bla du\u0161evn\u011b i fyzicky v\u016f\u010di extern\u00edm, [&hellip;]<\/p>\n","protected":false},"featured_media":186,"comment_status":"open","ping_status":"closed","template":"","meta":[],"product_cat":[22],"product_tag":[],"_links":{"self":[{"href":"https:\/\/sauny-sudy.cz\/index.php?rest_route=\/wp\/v2\/product\/940"}],"collection":[{"href":"https:\/\/sauny-sudy.cz\/index.php?rest_route=\/wp\/v2\/product"}],"about":[{"href":"https:\/\/sauny-sudy.cz\/index.php?rest_route=\/wp\/v2\/types\/product"}],"replies":[{"embeddable":true,"href":"https:\/\/sauny-sudy.cz\/index.php?rest_route=%2Fwp%2Fv2%2Fcomments&post=940"}],"wp:featuredmedia":[{"embeddable":true,"href":"https:\/\/sauny-sudy.cz\/index.php?rest_route=\/wp\/v2\/media\/186"}],"wp:attachment":[{"href":"https:\/\/sauny-sudy.cz\/index.php?rest_route=%2Fwp%2Fv2%2Fmedia&parent=940"}],"wp:term":[{"taxonomy":"product_cat","embeddable":true,"href":"https:\/\/sauny-sudy.cz\/index.php?rest_route=%2Fwp%2Fv2%2Fproduct_cat&post=940"},{"taxonomy":"product_tag","embeddable":true,"href":"https:\/\/sauny-sudy.cz\/index.php?rest_route=%2Fwp%2Fv2%2Fproduct_tag&post=940"}],"curies":[{"name":"wp","href":"https:\/\/api.w.org\/{rel}","templated":true}]}}