{"id":618,"date":"2023-02-20T12:00:05","date_gmt":"2023-02-20T11:00:05","guid":{"rendered":"https:\/\/sauny-sudy.cz\/?post_type=product&#038;p=618"},"modified":"2023-03-07T17:25:50","modified_gmt":"2023-03-07T16:25:50","slug":"horky-sud-220cm","status":"publish","type":"product","link":"https:\/\/sauny-sudy.cz\/?product=horky-sud-220cm","title":{"rendered":"Hork\u00fd sud s mo\u017enost\u00ed mas\u00e1\u017en\u00edho syst\u00e9mu"},"content":{"rendered":"<p style=\"text-align: center;\">Dop\u0159ejte si mas\u00e1\u017en\u00ed sud a jeho blahod\u00e1rn\u00e9 \u00fa\u010dinky, kter\u00e9 m\u016f\u017eete vyu\u017e\u00edvat po cel\u00fd rok, bez ohledu na aktu\u00e1ln\u00ed, ro\u010dn\u00ed obdob\u00ed.<\/p>\n<p style=\"text-align: center;\">Mnoho studi\u00ed prok\u00e1zalo jejich pozitivn\u00ed efekt na celek zdrav\u00ed a kvalitu sp\u00e1nku. Krom\u011b samotn\u00e9ho relaxa\u010dn\u00edho efektu a odpo\u010dinku, posiluj\u00ed imunitn\u00ed syst\u00e9m a d\u00e1le p\u016fsob\u00ed jako prevence proti alergi\u00edm, zoceluje odolnost t\u011bla du\u0161evn\u011b i fyzicky v\u016f\u010di extern\u00edm, nep\u0159\u00edzniv\u00fdm vliv\u016fm. Podporuje nervovou soustavu t\u011bla, pom\u00e1h\u00e1 ke zm\u00edrn\u011bn\u00ed bolesti kloub\u016f a pom\u00e1h\u00e1 l\u00e9\u010dit tak\u00e9 n\u011bkter\u00e1 ko\u017en\u00ed onemocn\u011bn\u00ed spolu s celulitidou.<\/p>\n<p style=\"text-align: center;\">D\u0159ev\u011bn\u00e9 sudy jsou t\u00e9\u017e impozantn\u00edm dopl\u0148kem pro V\u00e1\u0161 d\u016fm, chalupu, Va\u0161i zahradu. Sudy vyr\u00e1b\u00edme pouze z kvalitn\u00edch a odoln\u00fdch materi\u00e1l\u016f s vysokou odolnost\u00ed a \u017eivotnost\u00ed. Nab\u00edz\u00edme v\u00edce variant rozm\u011bru s mo\u017enosti vlastn\u00ed konfigurace. V popt\u00e1vce m\u016f\u017eete d\u00e1le nastavit V\u00e1mi preferovan\u00e9 d\u0159evo, oh\u0159ev vody, mas\u00e1\u017en\u00ed funkce a dal\u0161\u00ed dopl\u0148ky.<\/p>\n<p style=\"text-align: center;\">(serversk\u00e1 borovice\/thermowood)<\/p>\n","protected":false},"excerpt":{"rendered":"<p style=\"text-align: center;\">Hork\u00fd sud. V cen\u011b z\u00e1kladn\u00edho setu extern\u00ed, nerezov\u00fd kotel, 2-metrov\u00fd kom\u00edn s ochranou proti de\u0161ti, 2 nerezov\u00e9 spony, kryt ze smrkov\u00e9ho d\u0159eva, d\u0159ev\u011bn\u00e9 p\u00e1dlo.<\/p>\n","protected":false},"featured_media":154,"comment_status":"open","ping_status":"closed","template":"","meta":[],"product_cat":[23],"product_tag":[],"_links":{"self":[{"href":"https:\/\/sauny-sudy.cz\/index.php?rest_route=\/wp\/v2\/product\/618"}],"collection":[{"href":"https:\/\/sauny-sudy.cz\/index.php?rest_route=\/wp\/v2\/product"}],"about":[{"href":"https:\/\/sauny-sudy.cz\/index.php?rest_route=\/wp\/v2\/types\/product"}],"replies":[{"embeddable":true,"href":"https:\/\/sauny-sudy.cz\/index.php?rest_route=%2Fwp%2Fv2%2Fcomments&post=618"}],"wp:featuredmedia":[{"embeddable":true,"href":"https:\/\/sauny-sudy.cz\/index.php?rest_route=\/wp\/v2\/media\/154"}],"wp:attachment":[{"href":"https:\/\/sauny-sudy.cz\/index.php?rest_route=%2Fwp%2Fv2%2Fmedia&parent=618"}],"wp:term":[{"taxonomy":"product_cat","embeddable":true,"href":"https:\/\/sauny-sudy.cz\/index.php?rest_route=%2Fwp%2Fv2%2Fproduct_cat&post=618"},{"taxonomy":"product_tag","embeddable":true,"href":"https:\/\/sauny-sudy.cz\/index.php?rest_route=%2Fwp%2Fv2%2Fproduct_tag&post=618"}],"curies":[{"name":"wp","href":"https:\/\/api.w.org\/{rel}","templated":true}]}}