{"id":1124,"date":"2025-08-22T14:35:21","date_gmt":"2025-08-22T12:35:21","guid":{"rendered":"https:\/\/sauny-sudy.cz\/?post_type=product&#038;p=1124"},"modified":"2025-08-22T14:38:06","modified_gmt":"2025-08-22T12:38:06","slug":"valassky-cesky-smrkovy-sindel-rovny-40-cm","status":"publish","type":"product","link":"https:\/\/sauny-sudy.cz\/?product=valassky-cesky-smrkovy-sindel-rovny-40-cm","title":{"rendered":"Vala\u0161sk\u00fd \u010desk\u00fd smrkov\u00fd \u0161indel rovn\u00fd 40 cm"},"content":{"rendered":"<h3 data-start=\"167\" data-end=\"219\">Ru\u010dn\u011b vyr\u00e1b\u011bn\u00e9 smrkov\u00e9 \u0161indele z \u010desk\u00e9ho d\u0159eva<\/h3>\n<p data-start=\"220\" data-end=\"273\"><strong data-start=\"220\" data-end=\"273\">Poctiv\u00e1 \u0159emesln\u00e1 pr\u00e1ce, skute\u010dn\u011b vyrobeno v \u010cesku<\/strong><\/p>\n<p data-start=\"275\" data-end=\"633\">Nab\u00edz\u00edme\u00a0<strong data-start=\"284\" data-end=\"327\">tradi\u010dn\u00ed ru\u010dn\u011b \u0161t\u00edpan\u00e9 \u0161indele ze smrku<\/strong>, vyroben\u00e9 z kvalitn\u00edho\u00a0<strong data-start=\"351\" data-end=\"378\">\u010desk\u00e9ho smrkov\u00e9ho d\u0159eva<\/strong>, pe\u010dliv\u011b vyb\u00edran\u00e9ho pro svou hustotu, rovnost vl\u00e1ken a dlouhou \u017eivotnost. Smrk je\u00a0<strong data-start=\"461\" data-end=\"481\">leh\u010d\u00ed ne\u017e mod\u0159\u00edn<\/strong>, a d\u00edky sv\u00fdm vlastnostem je ide\u00e1ln\u00ed volbou pro st\u0159echy a obklady tam, kde je pot\u0159eba zachovat n\u00edzkou hmotnost konstrukce, ani\u017e by se slevilo z kvality.<\/p>\n<p data-start=\"635\" data-end=\"938\">\ud83c\udf32\u00a0<strong data-start=\"638\" data-end=\"671\">Pou\u017e\u00edv\u00e1me v\u00fdhradn\u011b \u010desk\u00fd smrk<\/strong>\u00a0\u2013 kvalitn\u00ed d\u0159evo z vy\u0161\u0161\u00edch nadmo\u0159sk\u00fdch v\u00fd\u0161ek s ide\u00e1ln\u00ed hustotou vl\u00e1ken.<br data-start=\"743\" data-end=\"746\" \/>\ud83e\ude93\u00a0<strong data-start=\"749\" data-end=\"800\">V\u00fdroba prob\u00edh\u00e1 v\u00fdhradn\u011b ru\u010dn\u011b v \u010cesk\u00e9 republice<\/strong>\u00a0zku\u0161en\u00fdmi \u0159emesln\u00edky s d\u016frazem na tradi\u010dn\u00ed postupy.<br data-start=\"852\" data-end=\"855\" \/>\ud83d\udca7\u00a0<strong data-start=\"858\" data-end=\"877\">D\u0159evo bez b\u011blky<\/strong>\u00a0\u2013 vyb\u00edr\u00e1me pouze zdrav\u00e9 j\u00e1drov\u00e9 d\u0159evo s maxim\u00e1ln\u00ed odolnost\u00ed.<\/p>\n<hr data-start=\"940\" data-end=\"943\" \/>\n<h3 data-start=\"945\" data-end=\"975\">Pro\u010d pr\u00e1v\u011b smrkov\u00fd \u0161indel?<\/h3>\n<p data-start=\"977\" data-end=\"1282\">\u2705\u00a0<strong data-start=\"979\" data-end=\"1012\">\u010cesk\u00fd smrk z horsk\u00fdch oblast\u00ed<\/strong>\u00a0\u2013 pomalu rostouc\u00ed, s jemnou strukturou<br data-start=\"1051\" data-end=\"1054\" \/>\u2705\u00a0<strong data-start=\"1056\" data-end=\"1099\">N\u00edzk\u00e1 hmotnost a snadn\u00e1 opracovatelnost<\/strong><br data-start=\"1099\" data-end=\"1102\" \/>\u2705\u00a0<strong data-start=\"1104\" data-end=\"1138\">V\u00fdborn\u00fd pom\u011br cena \/ \u017eivotnost<\/strong><br data-start=\"1138\" data-end=\"1141\" \/>\u2705\u00a0<strong data-start=\"1143\" data-end=\"1198\">Vhodn\u00e9 i pro pam\u00e1tkov\u011b chr\u00e1n\u011bn\u00e9 objekty a d\u0159ev\u011bnice<\/strong><br data-start=\"1198\" data-end=\"1201\" \/>\u2705\u00a0<strong data-start=\"1203\" data-end=\"1247\">Skladem a p\u0159ipraveno k okam\u017eit\u00e9 expedici<\/strong><br data-start=\"1247\" data-end=\"1250\" \/>\u2705\u00a0<strong data-start=\"1252\" data-end=\"1282\">Vzorky zdarma k vyzkou\u0161en\u00ed<\/strong><\/p>\n<p data-start=\"977\" data-end=\"1282\">\n<h3 data-start=\"1289\" data-end=\"1315\">Technick\u00e9 specifikace:<\/h3>\n<ul data-start=\"1317\" data-end=\"1621\">\n<li data-start=\"1317\" data-end=\"1356\">\n<p data-start=\"1319\" data-end=\"1356\"><strong data-start=\"1319\" data-end=\"1329\">D\u0159evo:<\/strong>\u00a0\u010cesk\u00fd smrk (Picea abies)<\/p>\n<\/li>\n<li data-start=\"1357\" data-end=\"1426\">\n<p data-start=\"1359\" data-end=\"1426\"><strong data-start=\"1359\" data-end=\"1375\">P\u016fvod d\u0159eva:<\/strong>\u00a0Lok\u00e1ln\u00ed \u010desk\u00e9 horsk\u00e9 oblasti<\/p>\n<\/li>\n<li><strong>Druh d\u0159ev\u011bn\u00e9ho \u0161indele:<\/strong>\u00a0Vala\u0161sk\u00fd typ (pero a dr\u00e1\u017eka)<\/li>\n<li data-start=\"1427\" data-end=\"1463\">\n<p data-start=\"1429\" data-end=\"1463\"><strong data-start=\"1429\" data-end=\"1447\">Zp\u016fsob v\u00fdroby:<\/strong>\u00a0Ru\u010dn\u00ed \u0161t\u00edp\u00e1n\u00ed<\/p>\n<\/li>\n<li data-start=\"1464\" data-end=\"1495\">\n<p data-start=\"1466\" data-end=\"1495\"><strong data-start=\"1466\" data-end=\"1484\">D\u00e9lka \u0161indele:<\/strong>\u00a040 cm<\/p>\n<\/li>\n<li data-start=\"1496\" data-end=\"1518\">\n<p data-start=\"1498\" data-end=\"1518\"><strong data-start=\"1498\" data-end=\"1508\">\u0160\u00ed\u0159ka:<\/strong>\u00a06\u201312 cm<\/p>\n<\/li>\n<li data-start=\"1519\" data-end=\"1549\">\n<p data-start=\"1521\" data-end=\"1549\"><strong data-start=\"1521\" data-end=\"1534\">Tlou\u0161\u0165ka:<\/strong>\u00a0cca 10\u201315 mm<\/p>\n<\/li>\n<li data-start=\"1550\" data-end=\"1621\">\n<p data-start=\"1552\" data-end=\"1621\"><strong data-start=\"1552\" data-end=\"1573\">Povrchov\u00e1 \u00faprava:<\/strong>\u00a0Bez n\u00e1t\u011bru \u2013 mo\u017enost dod\u00e1n\u00ed impregnace na p\u0159\u00e1n\u00ed<\/p>\n<\/li>\n<\/ul>\n<ul>\n<li>Po\u010det \u0161indel\u016f v balen\u00ed: orienta\u010dn\u011b 42 kus\u016f<\/li>\n<li>Po\u010det b\u011b\u017en\u00fdch metr\u016f v balen\u00ed:\u00a04 b\u011b\u017en\u00e9 metry<\/li>\n<li>Po\u010det m\u00b2 pokryt\u00ed p\u0159i jednoduch\u00e9m p\u0159elo\u017een\u00ed o 10 cm:\u00a01,2 m\u00b2<\/li>\n<li>Po\u010det m\u00b2 pokryt\u00ed p\u0159i dvojit\u00e9m polo\u017een\u00ed na p\u016fl (p\u0159i 50 cm dlouh\u00e9m \u0161indeli p\u0159ekryt\u00ed o 25 cm):\u00a00,8 m\u00b2<\/li>\n<\/ul>\n<h3 data-start=\"1833\" data-end=\"1858\">Doporu\u010den\u00ed k mont\u00e1\u017ei:<\/h3>\n<ul data-start=\"1860\" data-end=\"2147\">\n<li data-start=\"1860\" data-end=\"1912\">\n<p data-start=\"1862\" data-end=\"1912\">Mont\u00e1\u017e dvouvrstv\u00fdm syst\u00e9mem s p\u0159esahem 2\/3 d\u00e9lky<\/p>\n<\/li>\n<li data-start=\"1913\" data-end=\"1945\">\n<p data-start=\"1915\" data-end=\"1945\">Minim\u00e1ln\u00ed sklon st\u0159echy: 40\u00b0<\/p>\n<\/li>\n<li data-start=\"1946\" data-end=\"1990\">\n<p data-start=\"1948\" data-end=\"1990\">Kotven\u00ed m\u011bd\u011bn\u00fdmi nebo nerezov\u00fdmi h\u0159eb\u00edky<\/p>\n<\/li>\n<li data-start=\"1991\" data-end=\"2071\">\n<p data-start=\"1993\" data-end=\"2071\">Doporu\u010den\u00e9 o\u0161et\u0159en\u00ed p\u0159\u00edrodn\u00edmi prost\u0159edky (nap\u0159. ln\u011bn\u00fd olej nebo impregnace)<\/p>\n<\/li>\n<li data-start=\"2072\" data-end=\"2147\">\n<p data-start=\"2074\" data-end=\"2147\">\u017divotnost:\u00a0<strong data-start=\"2085\" data-end=\"2098\">40\u201360 let<\/strong>\u00a0v z\u00e1vislosti na klimatick\u00fdch podm\u00ednk\u00e1ch a \u00fadr\u017eb\u011b<\/p>\n<\/li>\n<\/ul>\n<hr data-start=\"2149\" data-end=\"2152\" \/>\n<p data-start=\"2154\" data-end=\"2294\">\ud83d\udc49 M\u00e1te z\u00e1jem o\u00a0<strong data-start=\"2170\" data-end=\"2187\">vzorek zdarma<\/strong>,\u00a0<strong data-start=\"2189\" data-end=\"2211\">konzultaci mont\u00e1\u017ee<\/strong>, nebo si p\u0159ejete vytvo\u0159it individu\u00e1ln\u00ed nab\u00eddku?\u00a0<strong data-start=\"2260\" data-end=\"2294\">Ozv\u011bte se n\u00e1m \u2013 r\u00e1di porad\u00edme.<\/strong><\/p>\n<p data-start=\"2154\" data-end=\"2294\"><strong data-start=\"2260\" data-end=\"2294\">V\u011bt\u0161\u00ed mno\u017estv\u00ed 50m +, na objedn\u00e1vku.<\/strong><\/p>\n","protected":false},"excerpt":{"rendered":"<p>Ru\u010dn\u011b vyr\u00e1b\u011bn\u00e9 smrkov\u00e9 \u0161indele z \u010desk\u00e9ho d\u0159eva Poctiv\u00e1 \u0159emesln\u00e1 pr\u00e1ce, skute\u010dn\u011b vyrobeno v \u010cesku Nab\u00edz\u00edme\u00a0tradi\u010dn\u00ed ru\u010dn\u011b \u0161t\u00edpan\u00e9 \u0161indele ze smrku, vyroben\u00e9 z kvalitn\u00edho\u00a0\u010desk\u00e9ho smrkov\u00e9ho d\u0159eva, pe\u010dliv\u011b vyb\u00edran\u00e9ho pro svou hustotu, rovnost vl\u00e1ken a dlouhou \u017eivotnost. Smrk je\u00a0leh\u010d\u00ed ne\u017e mod\u0159\u00edn, a d\u00edky sv\u00fdm vlastnostem je ide\u00e1ln\u00ed volbou pro st\u0159echy a obklady tam, kde je pot\u0159eba zachovat [&hellip;]<\/p>\n","protected":false},"featured_media":1092,"comment_status":"open","ping_status":"closed","template":"","meta":[],"product_cat":[44],"product_tag":[],"_links":{"self":[{"href":"https:\/\/sauny-sudy.cz\/index.php?rest_route=\/wp\/v2\/product\/1124"}],"collection":[{"href":"https:\/\/sauny-sudy.cz\/index.php?rest_route=\/wp\/v2\/product"}],"about":[{"href":"https:\/\/sauny-sudy.cz\/index.php?rest_route=\/wp\/v2\/types\/product"}],"replies":[{"embeddable":true,"href":"https:\/\/sauny-sudy.cz\/index.php?rest_route=%2Fwp%2Fv2%2Fcomments&post=1124"}],"wp:featuredmedia":[{"embeddable":true,"href":"https:\/\/sauny-sudy.cz\/index.php?rest_route=\/wp\/v2\/media\/1092"}],"wp:attachment":[{"href":"https:\/\/sauny-sudy.cz\/index.php?rest_route=%2Fwp%2Fv2%2Fmedia&parent=1124"}],"wp:term":[{"taxonomy":"product_cat","embeddable":true,"href":"https:\/\/sauny-sudy.cz\/index.php?rest_route=%2Fwp%2Fv2%2Fproduct_cat&post=1124"},{"taxonomy":"product_tag","embeddable":true,"href":"https:\/\/sauny-sudy.cz\/index.php?rest_route=%2Fwp%2Fv2%2Fproduct_tag&post=1124"}],"curies":[{"name":"wp","href":"https:\/\/api.w.org\/{rel}","templated":true}]}}