{"id":1119,"date":"2025-08-22T14:20:37","date_gmt":"2025-08-22T12:20:37","guid":{"rendered":"https:\/\/sauny-sudy.cz\/?post_type=product&#038;p=1119"},"modified":"2026-03-13T07:42:19","modified_gmt":"2026-03-13T06:42:19","slug":"valassky-cesky-modrinovy-sindel-rovny-40-cm","status":"publish","type":"product","link":"https:\/\/sauny-sudy.cz\/?product=valassky-cesky-modrinovy-sindel-rovny-40-cm","title":{"rendered":"Vala\u0161sk\u00fd \u010desk\u00fd mod\u0159\u00ednov\u00fd \u0161indel rovn\u00fd 40 cm"},"content":{"rendered":"<h3 data-start=\"87\" data-end=\"156\">Ru\u010dn\u011b vyr\u00e1b\u011bn\u00e9 mod\u0159\u00ednov\u00e9 \u0161indele \u2013 poctiv\u00e1 \u0159emesln\u00e1 pr\u00e1ce z \u010ceska<\/h3>\n<p data-start=\"204\" data-end=\"443\">Nab\u00edz\u00edme\u00a0<strong data-start=\"213\" data-end=\"264\">ru\u010dn\u011b \u0161t\u00edpan\u00e9 \u0161indele z prav\u00e9ho \u010desk\u00e9ho mod\u0159\u00ednu<\/strong>\u00a0\u2013 tradi\u010dn\u00ed stavebn\u00ed materi\u00e1l s v\u00fdjime\u010dn\u00fdmi vlastnostmi, kter\u00fd si z\u00edskal uzn\u00e1n\u00ed d\u00edky sv\u00e9\u00a0<strong data-start=\"353\" data-end=\"442\">dlouhov\u011bkosti, odolnosti v\u016f\u010di pov\u011btrnosti a p\u0159irozen\u00e9 ochran\u011b proti hnilob\u011b a \u0161k\u016fdc\u016fm<\/strong>.<\/p>\n<p data-start=\"445\" data-end=\"773\">\ud83c\udf32\u00a0<strong data-start=\"448\" data-end=\"483\">Pou\u017e\u00edv\u00e1me v\u00fdhradn\u011b \u010desk\u00fd mod\u0159\u00edn<\/strong>\u00a0\u2013 d\u0159evo poch\u00e1zej\u00edc\u00ed z m\u00edstn\u00edch les\u016f, zn\u00e1m\u00e9 svou specifickou strukturou a vysok\u00fdm obsahem ochrann\u00fdch silic.<br data-start=\"590\" data-end=\"593\" \/>\ud83e\ude93\u00a0<strong data-start=\"596\" data-end=\"642\">V\u00fdroba prob\u00edh\u00e1 kompletn\u011b v \u010cesk\u00e9 republice<\/strong>, poctivou ru\u010dn\u00ed prac\u00ed zku\u0161en\u00fdch \u0159emesln\u00edk\u016f.<br data-start=\"686\" data-end=\"689\" \/>\u274c \u017d\u00e1dn\u00fd dovoz, \u017e\u00e1dn\u00e9 kompromisy \u2013\u00a0<strong data-start=\"723\" data-end=\"773\">od lesa a\u017e po fin\u00e1ln\u00ed \u0161indel v\u0161e vznik\u00e1 u n\u00e1s.<\/strong><\/p>\n<p data-start=\"158\" data-end=\"444\">Nab\u00edz\u00edme tradi\u010dn\u00ed ru\u010dn\u011b \u0161t\u00edpan\u00e9 \u0161indele z mod\u0159\u00ednu, vyr\u00e1b\u011bn\u00e9 s d\u016frazem na kvalitu, trvanlivost a \u00factu k \u0159emeslu. Ka\u017ed\u00fd \u0161indel proch\u00e1z\u00ed pe\u010dliv\u00fdm v\u00fdb\u011brem \u2013 pou\u017e\u00edv\u00e1me pouze kvalitn\u00ed mod\u0159\u00ednov\u00e9 d\u0159evo bez b\u011blky, kter\u00e9 ru\u010dn\u011b opracov\u00e1v\u00e1me tak, aby v\u00fdsledek spl\u0148oval i ty nejvy\u0161\u0161\u00ed n\u00e1roky.<\/p>\n<p data-start=\"446\" data-end=\"662\">\ud83e\ude93 Ru\u010dn\u00ed v\u00fdroba v \u010cesku<br data-start=\"473\" data-end=\"476\" \/>\ud83c\udf32 Bez kompromis\u016f \u2013 pouze pe\u010dliv\u011b vyb\u00edran\u00e9 d\u0159evo bez b\u011blky<br data-start=\"538\" data-end=\"541\" \/>\ud83d\udce6 V\u0161e skladem \u2013 okam\u017eit\u011b k odb\u011bru nebo odesl\u00e1n\u00ed<br data-start=\"593\" data-end=\"596\" \/>\ud83d\udccd Mo\u017enost osobn\u00edho odb\u011bru<br data-start=\"626\" data-end=\"629\" \/>\ud83d\udcec Zasl\u00e1n\u00ed vzorku na vy\u017e\u00e1d\u00e1n\u00ed<\/p>\n<p data-start=\"664\" data-end=\"830\">Na\u0161e \u0161indele jsou vhodn\u00e9 pro rekonstrukce historick\u00fdch objekt\u016f, d\u0159ev\u011bnic i nov\u00e9 stavby, kde chcete zachovat p\u0159irozen\u00fd vzhled a dlouhou \u017eivotnost st\u0159echy nebo obkladu.<\/p>\n<h3 data-start=\"154\" data-end=\"180\">Technick\u00e9 specifikace:<\/h3>\n<ul>\n<li data-start=\"182\" data-end=\"228\">\n<p data-start=\"184\" data-end=\"228\"><strong data-start=\"184\" data-end=\"194\">D\u0159evo:<\/strong>\u00a0Mod\u0159\u00edn evropsk\u00fd (Larix decidua)<\/p>\n<\/li>\n<li><strong>Druh d\u0159ev\u011bn\u00e9ho \u0161indele:<\/strong>\u00a0Vala\u0161sk\u00fd typ (pero a dr\u00e1\u017eka)<\/li>\n<li data-start=\"229\" data-end=\"287\">\n<p data-start=\"231\" data-end=\"287\"><strong data-start=\"231\" data-end=\"249\">Zp\u016fsob v\u00fdroby:<\/strong>\u00a0Ru\u010dn\u00ed \u0161t\u00edp\u00e1n\u00ed a n\u00e1sledn\u00e9 opracov\u00e1n\u00ed<\/p>\n<\/li>\n<li data-start=\"288\" data-end=\"349\">\n<p data-start=\"290\" data-end=\"349\"><strong data-start=\"290\" data-end=\"308\">D\u00e9lka \u0161indele:<\/strong>\u00a040 cm (mo\u017eno upravit dle po\u017eadavku)<\/p>\n<\/li>\n<li data-start=\"350\" data-end=\"424\">\n<p data-start=\"352\" data-end=\"424\"><strong data-start=\"352\" data-end=\"370\">\u0160\u00ed\u0159ka \u0161indele:<\/strong>\u00a06\u201312 cm (p\u0159irozen\u00e1 variabilita dle struktury d\u0159eva)<\/p>\n<\/li>\n<li data-start=\"425\" data-end=\"455\">\n<p data-start=\"427\" data-end=\"455\"><strong data-start=\"427\" data-end=\"440\">Tlou\u0161\u0165ka:<\/strong>\u00a0cca 12\u201315 mm<\/p>\n<\/li>\n<li data-start=\"456\" data-end=\"548\">\n<p data-start=\"458\" data-end=\"548\"><strong data-start=\"458\" data-end=\"479\">Povrchov\u00e1 \u00faprava:<\/strong>\u00a0Bez n\u00e1t\u011bru \u2013 p\u0159\u00edrodn\u00ed d\u0159evo p\u0159ipraven\u00e9 na st\u00e1rnut\u00ed p\u0159irozenou cestou<\/p>\n<\/li>\n<li>Po\u010det \u0161indel\u016f v balen\u00ed: orienta\u010dn\u011b 42 kus\u016f<\/li>\n<li>Po\u010det b\u011b\u017en\u00fdch metr\u016f v balen\u00ed:\u00a04 b\u011b\u017en\u00e9 metry<\/li>\n<li>Po\u010det m\u00b2 pokryt\u00ed p\u0159i jednoduch\u00e9m p\u0159elo\u017een\u00ed o 10 cm:\u00a01,2 m\u00b2<\/li>\n<li>Po\u010det m\u00b2 pokryt\u00ed p\u0159i dvojit\u00e9m polo\u017een\u00ed na p\u016fl (p\u0159i 50 cm dlouh\u00e9m \u0161indeli p\u0159ekryt\u00ed o 25 cm):\u00a00,8 m\u00b2<\/li>\n<\/ul>\n<p><strong data-start=\"2260\" data-end=\"2294\">V\u011bt\u0161\u00ed mno\u017estv\u00ed 50m +, na objedn\u00e1vku s mo\u017enost\u00ed jedn\u00e1n\u00ed o cen\u011b.<\/strong><\/p>\n","protected":false},"excerpt":{"rendered":"<p>Ru\u010dn\u011b vyr\u00e1b\u011bn\u00e9 mod\u0159\u00ednov\u00e9 \u0161indele \u2013 poctiv\u00e1 \u0159emesln\u00e1 pr\u00e1ce z \u010ceska Nab\u00edz\u00edme\u00a0ru\u010dn\u011b \u0161t\u00edpan\u00e9 \u0161indele z prav\u00e9ho \u010desk\u00e9ho mod\u0159\u00ednu\u00a0\u2013 tradi\u010dn\u00ed stavebn\u00ed materi\u00e1l s v\u00fdjime\u010dn\u00fdmi vlastnostmi, kter\u00fd si z\u00edskal uzn\u00e1n\u00ed d\u00edky sv\u00e9\u00a0dlouhov\u011bkosti, odolnosti v\u016f\u010di pov\u011btrnosti a p\u0159irozen\u00e9 ochran\u011b proti hnilob\u011b a \u0161k\u016fdc\u016fm. \ud83c\udf32\u00a0Pou\u017e\u00edv\u00e1me v\u00fdhradn\u011b \u010desk\u00fd mod\u0159\u00edn\u00a0\u2013 d\u0159evo poch\u00e1zej\u00edc\u00ed z m\u00edstn\u00edch les\u016f, zn\u00e1m\u00e9 svou specifickou strukturou a vysok\u00fdm obsahem [&hellip;]<\/p>\n","protected":false},"featured_media":1091,"comment_status":"open","ping_status":"closed","template":"","meta":[],"product_cat":[44],"product_tag":[],"_links":{"self":[{"href":"https:\/\/sauny-sudy.cz\/index.php?rest_route=\/wp\/v2\/product\/1119"}],"collection":[{"href":"https:\/\/sauny-sudy.cz\/index.php?rest_route=\/wp\/v2\/product"}],"about":[{"href":"https:\/\/sauny-sudy.cz\/index.php?rest_route=\/wp\/v2\/types\/product"}],"replies":[{"embeddable":true,"href":"https:\/\/sauny-sudy.cz\/index.php?rest_route=%2Fwp%2Fv2%2Fcomments&post=1119"}],"wp:featuredmedia":[{"embeddable":true,"href":"https:\/\/sauny-sudy.cz\/index.php?rest_route=\/wp\/v2\/media\/1091"}],"wp:attachment":[{"href":"https:\/\/sauny-sudy.cz\/index.php?rest_route=%2Fwp%2Fv2%2Fmedia&parent=1119"}],"wp:term":[{"taxonomy":"product_cat","embeddable":true,"href":"https:\/\/sauny-sudy.cz\/index.php?rest_route=%2Fwp%2Fv2%2Fproduct_cat&post=1119"},{"taxonomy":"product_tag","embeddable":true,"href":"https:\/\/sauny-sudy.cz\/index.php?rest_route=%2Fwp%2Fv2%2Fproduct_tag&post=1119"}],"curies":[{"name":"wp","href":"https:\/\/api.w.org\/{rel}","templated":true}]}}